{"id":2686,"date":"2020-03-24T15:51:44","date_gmt":"2020-03-24T14:51:44","guid":{"rendered":"https:\/\/akrasat-staging.login-software.net\/kontakt\/"},"modified":"2021-03-09T13:12:33","modified_gmt":"2021-03-09T12:12:33","slug":"contact","status":"publish","type":"page","link":"https:\/\/www.akras.at\/en\/contact\/","title":{"rendered":"Contact"},"content":{"rendered":"[vc_row full_width=&#8221;stretch_row_content_no_spaces&#8221;][vc_column]<div class=\"slider-wrapper relative\" id=\"slider-1882978039\" style=\"background-color:rgb(255,255,255);\">\n    <div class=\"slider slider-type-fade slider-nav-dots-simple slider-nav-simple slider-nav-normal slider-nav-light slider-style-normal\"\n        data-flickity-options='{\n            \"cellAlign\": \"center\",\n            \"imagesLoaded\": true,\n            \"lazyLoad\": 1,\n            \"freeScroll\": false,\n            \"wrapAround\": true,\n            \"autoPlay\": 3000,\n            \"pauseAutoPlayOnHover\" : false,\n            \"prevNextButtons\": true,\n            \"contain\" : true,\n            \"adaptiveHeight\" : true,\n            \"dragThreshold\" : 10,\n            \"percentPosition\": true,\n            \"pageDots\": false,\n            \"rightToLeft\": false,\n            \"draggable\": true,\n            \"selectedAttraction\": 0.1,\n            \"parallax\" : 0,\n            \"friction\": 0.6        }'\n        >\n        \n\n\n  <div class=\"banner has-hover\" id=\"banner-1108536572\">\n          <div class=\"banner-inner fill\">\n        <div class=\"banner-bg fill\" >\n            <div class=\"bg fill bg-fill \"><\/div>\n                                    \n                    <\/div>\n        <div class=\"banner-layers container\">\n            <div class=\"fill banner-link\"><\/div>            \n\n   <div id=\"text-box-1582550292\" class=\"text-box banner-layer hidden x50 md-x50 lg-x50 y50 md-y50 lg-y50 res-text\">\n                                <div class=\"text-box-content text dark\">\n              \n              <div class=\"text-inner text-center\">\n                  \n\n<h3 class=\"uppercase\">Change this to anything<\/h3>\n<p>Lorem ipsum dolor sit amet, consectetuer adipiscing elit, sed diam nonummy nibh euismod tincidunt ut laoreet dolore magna aliquam erat volutpat.<\/p>\n<a class=\"button white is-outline\"  >\n    <span>Click me<\/span>\n  <\/a>\n\n\n\n              <\/div>\n           <\/div>\n                            \n<style>\n#text-box-1582550292 {\n  width: 60%;\n}\n#text-box-1582550292 .text-box-content {\n  font-size: 100%;\n}\n<\/style>\n    <\/div>\n \n\n        <\/div>\n      <\/div>\n\n            \n<style>\n#banner-1108536572 {\n  padding-top: 50%;\n  background-color: rgb(255,255,255);\n}\n#banner-1108536572 .bg.bg-loaded {\n  background-image: url(https:\/\/www.akras.at\/wp-content\/uploads\/2020\/04\/header-kontakt.jpg);\n}\n#banner-1108536572 .bg {\n  background-position: 50% 10%;\n}\n@media (min-width:850px) {\n  #banner-1108536572 {\n    padding-top: 500px;\n  }\n}\n<\/style>\n  <\/div>\n\n\n\n     <\/div>\n\n     <div class=\"loading-spin dark large centered\"><\/div>\n\n     <\/div>\n\n[\/vc_column][\/vc_row][vc_row el_class=&#8221;section-title-divider&#8221;][vc_column][vc_column_text el_class=&#8221;text-center&#8221;]\n<h1>Your way to <span class=\"ci-green\">good taste<\/span><\/h1>\n<h1>Flavours and Beverage Compounds from Austria<\/h1>\n<div class=\"is-divider divider clearfix\" style=\"max-width:medium;\"><\/div>[\/vc_column_text][\/vc_column][\/vc_row][vc_row el_class=&#8221;main-contact-data&#8221;][vc_column width=&#8221;1\/3&#8243;][vc_column_text]<strong>AKRAS Flavours GmbH<\/strong><br \/>\nProduction and Development<br \/>\nof Flavours and Base Materials<br \/>\n<div class=\"is-divider divider clearfix\" style=\"max-width:medium;\"><\/div>\n<p>Industriezentrum N\u00d6-S\u00fcd<br \/>\nStra\u00dfe 1, Objekt 29<br \/>\n2362 Biedermannsdorf<br \/>\nAustria<\/p>\n<p>T +43 2236 625 50 &#8211; 0<br \/>\nF +43 2236 624 43<br \/>\noffice@akras.at<br \/>\nwww.akras.at<br \/>\nwww.akras-flavours.com[\/vc_column_text][vc_column_text el_class=&#8221;social-icons-row&#8221;]<a class=\"social-icon-link\" href=\"https:\/\/at.linkedin.com\/company\/akras-flavours-gmbh\" target=\"_blank\" rel=\"noopener noreferrer\"><img loading=\"lazy\" decoding=\"async\" class=\"alignnone\" role=\"img\" src=\"https:\/\/www.akras.at\/wp-content\/uploads\/2020\/05\/social-linkedin.svg\" alt=\"\" width=\"29\" height=\"28\" \/><\/a><a class=\"social-icon-link\" href=\"https:\/\/www.facebook.com\/pages\/Akras-Flavours-GmbH\/262104623971487\" target=\"_blank\" rel=\"noopener noreferrer\"><img loading=\"lazy\" decoding=\"async\" class=\"alignnone\" role=\"img\" src=\"https:\/\/www.akras.at\/wp-content\/uploads\/2020\/05\/social-facebook.svg\" alt=\"\" width=\"15\" height=\"28\" \/><\/a><a class=\"social-icon-link\" href=\"https:\/\/www.xing.com\/companies\/akrasflavoursgmbh\" target=\"_blank\" rel=\"noopener noreferrer\"><img loading=\"lazy\" decoding=\"async\" class=\"alignnone\" role=\"img\" src=\"https:\/\/www.akras.at\/wp-content\/uploads\/2020\/05\/social-xing.svg\" alt=\"\" width=\"27\" height=\"32\" \/><\/a>[\/vc_column_text][\/vc_column][vc_column width=&#8221;2\/3&#8243;][vc_gmaps link=&#8221;#E-8_JTNDaWZyYW1lJTIwc3JjJTNEJTIyaHR0cHMlM0ElMkYlMkZ3d3cuZ29vZ2xlLmNvbSUyRm1hcHMlMkZlbWJlZCUzRnBiJTNEJTIxMW0xNCUyMTFtOCUyMTFtMyUyMTFkMTA2NjMuMzg4MTIwOTg2NTAzJTIxMmQxNi4zMzM2ODI1JTIxM2Q0OC4wNzQ1OTU1JTIxM20yJTIxMWkxMDI0JTIxMmk3NjglMjE0ZjEzLjElMjEzbTMlMjExbTIlMjExczB4MCUyNTNBMHg3MGU4NjEyOGE5ZTllODY5JTIxMnNBa3JhcyUyNTIwRmxhdm9ycyUyNTIwR2VzbWJIJTIxNWUwJTIxM20yJTIxMXNlbiUyMTJzJTIxNHYxNTg3MDQ3MTkwNzM2JTIxNW0yJTIxMXNlbiUyMTJzJTIyJTIwd2lkdGglM0QlMjI2MDAlMjIlMjBoZWlnaHQlM0QlMjI0MjglMjIlMjBmcmFtZWJvcmRlciUzRCUyMjAlMjIlMjBzdHlsZSUzRCUyMmJvcmRlciUzQTAlM0IlMjIlMjBhbGxvd2Z1bGxzY3JlZW4lM0QlMjIlMjIlMjBhcmlhLWhpZGRlbiUzRCUyMmZhbHNlJTIyJTIwdGFiaW5kZXglM0QlMjIwJTIyJTNFJTNDJTJGaWZyYW1lJTNF&#8221;][\/vc_column][\/vc_row][vc_row el_class=&#8221;section-title-divider&#8221;][vc_column][vc_column_text el_class=&#8221;text-center&#8221;]\n<h1>Our <span class=\"ci-green\">international<\/span> customer service<\/h1>\n<h1>for the world of flavours for food<\/h1>\n<div class=\"is-divider divider clearfix\" style=\"max-width:medium;\"><\/div>\n<p>Here you can find partners or branches of AKRAS Flavours!<br \/>\nSelect the continent and country of your choice to find your personal contact and dive with us into the world of flavours and beverage compounds from Austria![\/vc_column_text][\/vc_column][\/vc_row][vc_row][vc_column width=&#8221;1\/4&#8243; el_class=&#8221;col-kontinent&#8221;][vc_column_text]\n<h3>1.<br \/>\nCONTINENT<\/h3>\n[\/vc_column_text][\/vc_column][vc_column width=&#8221;1\/4&#8243; el_class=&#8221;col-land&#8221;][vc_column_text]\n<h3>2.<br \/>\nCOUNTRIES AND PARTNERS<\/h3>\n[\/vc_column_text][\/vc_column][vc_column width=&#8221;1\/2&#8243; el_class=&#8221;col-kontakt-data&#8221;][vc_column_text]\n<h3>3.<br \/>\nCONTACT PERSON<\/h3>\n[\/vc_column_text][\/vc_column][vc_column el_class=&#8221;menu-location-selection&#8221;][vc_raw_html el_class=&#8221;ubermenu-kontakt&#8221;]JTVCdWJlcm1lbnUlMjBjb25maWdfaWQlM0QlMjJrb250YWt0X3BhZ2Vfb2ZmaWNlX21lbnUlMjIlMjBtZW51JTNEJTIyMTMlMjIlNUQ=[\/vc_raw_html][\/vc_column][\/vc_row][vc_row][vc_column offset=&#8221;vc_col-lg-3&#8243;][\/vc_column][vc_column offset=&#8221;vc_col-lg-9&#8243; el_class=&#8221;submenu-col&#8221;][vc_raw_html]JTNDc2NyaXB0JTNFJTBBJTJGJTJGQW1lcmljYSUwQWpRdWVyeSUyOCUyMCUyNyUyM21lbnUtaXRlbS0yMDE2JTI3JTIwJTI5Lm9uJTI4JTIwJTI3dWJlcm1lbnVvcGVuJTI3JTJDJTIwZnVuY3Rpb24lMjglMjklN0IlMEElMjAlMjBqUXVlcnklMjglMjcubWVudS12LXNwYWNlJTI3JTI5LmhlaWdodCUyODIwMCUyOSUzQiUwQSU3RCUyOSUzQiUwQSUyRiUyRkV1cm9wZSUwQWpRdWVyeSUyOCUyMCUyNyUyM21lbnUtaXRlbS0yMDI3JTI3JTIwJTI5Lm9uJTI4JTIwJTI3dWJlcm1lbnVvcGVuJTI3JTJDJTIwZnVuY3Rpb24lMjglMjklN0IlMEElMjAlMjBqUXVlcnklMjglMjcubWVudS12LXNwYWNlJTI3JTI5LmhlaWdodCUyODEyMDAlMjklM0IlMEElN0QlMjklM0IlMEElMkYlMkZBc2lhJTBBalF1ZXJ5JTI4JTIwJTI3JTIzbWVudS1pdGVtLTIwMjIlMjclMjAlMjkub24lMjglMjAlMjd1YmVybWVudW9wZW4lMjclMkMlMjBmdW5jdGlvbiUyOCUyOSU3QiUwQSUyMCUyMGpRdWVyeSUyOCUyNy5tZW51LXYtc3BhY2UlMjclMjkuaGVpZ2h0JTI4ODIwJTI5JTNCJTBBJTdEJTI5JTNCJTBBJTJGJTJGQWZyaWthJTBBalF1ZXJ5JTI4JTIwJTI3JTIzbWVudS1pdGVtLTM4MDclMjclMjAlMjkub24lMjglMjAlMjd1YmVybWVudW9wZW4lMjclMkMlMjBmdW5jdGlvbiUyOCUyOSU3QiUwQSUyMCUyMGpRdWVyeSUyOCUyNy5tZW51LXYtc3BhY2UlMjclMjkuaGVpZ2h0JTI4NTAwJTI5JTNCJTBBJTdEJTI5JTNCJTBBJTBBJTNDJTJGc2NyaXB0JTNF[\/vc_raw_html][vc_empty_space height=&#8221;20px&#8221; el_class=&#8221;menu-v-space&#8221;][\/vc_column][\/vc_row]\n","protected":false},"excerpt":{"rendered":"[vc_row full_width=&#8221;stretch_row_content_no_spaces&#8221;][vc_column][\/vc_column][\/vc_row][vc_row el_class=&#8221;section-title-divider&#8221;][vc_column][vc_column_text el_class=&#8221;text-center&#8221;] Your way to good taste Flavours and Beverage Compounds from Austria [\/vc_column_text][\/vc_column][\/vc_row][vc_row el_class=&#8221;main-contact-data&#8221;][vc_column width=&#8221;1\/3&#8243;][vc_column_text]AKRAS Flavours GmbH Production and Development of Flavours and Base Materials Industriezentrum N\u00d6-S\u00fcd Stra\u00dfe 1, Objekt 29 2362 Biedermannsdorf Austria T +43 2236 625 50 &#8211; 0 F +43 2236 624 43 office@akras.at www.akras.at www.akras-flavours.com[\/vc_column_text][vc_column_text el_class=&#8221;social-icons-row&#8221;][\/vc_column_text][\/vc_column][vc_column width=&#8221;2\/3&#8243;][vc_gmaps link=&#8221;#E-8_JTNDaWZyYW1lJTIwc3JjJTNEJTIyaHR0cHMlM0ElMkYlMkZ3d3cuZ29vZ2xlLmNvbSUyRm1hcHMlMkZlbWJlZCUzRnBiJTNEJTIxMW0xNCUyMTFtOCUyMTFtMyUyMTFkMTA2NjMuMzg4MTIwOTg2NTAzJTIxMmQxNi4zMzM2ODI1JTIxM2Q0OC4wNzQ1OTU1JTIxM20yJTIxMWkxMDI0JTIxMmk3NjglMjE0ZjEzLjElMjEzbTMlMjExbTIlMjExczB4MCUyNTNBMHg3MGU4NjEyOGE5ZTllODY5JTIxMnNBa3JhcyUyNTIwRmxhdm9ycyUyNTIwR2VzbWJIJTIxNWUwJTIxM20yJTIxMXNlbiUyMTJzJTIxNHYxNTg3MDQ3MTkwNzM2JTIxNW0yJTIxMXNlbiUyMTJzJTIyJTIwd2lkdGglM0QlMjI2MDAlMjIlMjBoZWlnaHQlM0QlMjI0MjglMjIlMjBmcmFtZWJvcmRlciUzRCUyMjAlMjIlMjBzdHlsZSUzRCUyMmJvcmRlciUzQTAlM0IlMjIlMjBhbGxvd2Z1bGxzY3JlZW4lM0QlMjIlMjIlMjBhcmlhLWhpZGRlbiUzRCUyMmZhbHNlJTIyJTIwdGFiaW5kZXglM0QlMjIwJTIyJTNFJTNDJTJGaWZyYW1lJTNF&#8221;][\/vc_column][\/vc_row][vc_row [&#8230;]\n","protected":false},"author":5,"featured_media":0,"parent":0,"menu_order":6,"comment_status":"closed","ping_status":"closed","template":"","meta":{"_monsterinsights_skip_tracking":false,"_monsterinsights_sitenote_active":false,"_monsterinsights_sitenote_note":"","_monsterinsights_sitenote_category":0,"footnotes":""},"class_list":["post-2686","page","type-page","status-publish","hentry"],"yoast_head":"<!-- This site is optimized with the Yoast SEO plugin v26.3 - https:\/\/yoast.com\/wordpress\/plugins\/seo\/ -->\n<title>Contact - AKRAS<\/title>\n<meta name=\"description\" content=\"This is your way to good taste - please feel free to contact us. Or find our international partners and branches here. Get more information!\" \/>\n<meta name=\"robots\" content=\"index, follow, max-snippet:-1, max-image-preview:large, max-video-preview:-1\" \/>\n<link rel=\"canonical\" href=\"https:\/\/www.akras.at\/en\/contact\/\" \/>\n<meta property=\"og:locale\" content=\"en_US\" \/>\n<meta property=\"og:type\" content=\"article\" \/>\n<meta property=\"og:title\" content=\"Contact - AKRAS\" \/>\n<meta property=\"og:description\" content=\"This is your way to good taste - please feel free to contact us. Or find our international partners and branches here. Get more information!\" \/>\n<meta property=\"og:url\" content=\"https:\/\/www.akras.at\/en\/contact\/\" \/>\n<meta property=\"og:site_name\" content=\"AKRAS\" \/>\n<meta property=\"article:modified_time\" content=\"2021-03-09T12:12:33+00:00\" \/>\n<meta property=\"og:image\" content=\"https:\/\/www.akras.at\/wp-content\/uploads\/2020\/05\/social-linkedin.svg\" \/>\n<meta name=\"twitter:card\" content=\"summary_large_image\" \/>\n<meta name=\"twitter:label1\" content=\"Est. reading time\" \/>\n\t<meta name=\"twitter:data1\" content=\"2 minutes\" \/>\n<script type=\"application\/ld+json\" class=\"yoast-schema-graph\">{\"@context\":\"https:\/\/schema.org\",\"@graph\":[{\"@type\":\"WebPage\",\"@id\":\"https:\/\/www.akras.at\/en\/contact\/\",\"url\":\"https:\/\/www.akras.at\/en\/contact\/\",\"name\":\"Contact - AKRAS\",\"isPartOf\":{\"@id\":\"https:\/\/www.akras.at\/en\/#website\"},\"primaryImageOfPage\":{\"@id\":\"https:\/\/www.akras.at\/en\/contact\/#primaryimage\"},\"image\":{\"@id\":\"https:\/\/www.akras.at\/en\/contact\/#primaryimage\"},\"thumbnailUrl\":\"https:\/\/www.akras.at\/wp-content\/uploads\/2020\/05\/social-linkedin.svg\",\"datePublished\":\"2020-03-24T14:51:44+00:00\",\"dateModified\":\"2021-03-09T12:12:33+00:00\",\"description\":\"This is your way to good taste - please feel free to contact us. Or find our international partners and branches here. Get more information!\",\"breadcrumb\":{\"@id\":\"https:\/\/www.akras.at\/en\/contact\/#breadcrumb\"},\"inLanguage\":\"en-US\",\"potentialAction\":[{\"@type\":\"ReadAction\",\"target\":[\"https:\/\/www.akras.at\/en\/contact\/\"]}]},{\"@type\":\"ImageObject\",\"inLanguage\":\"en-US\",\"@id\":\"https:\/\/www.akras.at\/en\/contact\/#primaryimage\",\"url\":\"https:\/\/www.akras.at\/wp-content\/uploads\/2020\/05\/social-linkedin.svg\",\"contentUrl\":\"https:\/\/www.akras.at\/wp-content\/uploads\/2020\/05\/social-linkedin.svg\"},{\"@type\":\"BreadcrumbList\",\"@id\":\"https:\/\/www.akras.at\/en\/contact\/#breadcrumb\",\"itemListElement\":[{\"@type\":\"ListItem\",\"position\":1,\"name\":\"Startseite\",\"item\":\"https:\/\/www.akras.at\/en\/\"},{\"@type\":\"ListItem\",\"position\":2,\"name\":\"Contact\"}]},{\"@type\":\"WebSite\",\"@id\":\"https:\/\/www.akras.at\/en\/#website\",\"url\":\"https:\/\/www.akras.at\/en\/\",\"name\":\"AKRAS\",\"description\":\"\",\"potentialAction\":[{\"@type\":\"SearchAction\",\"target\":{\"@type\":\"EntryPoint\",\"urlTemplate\":\"https:\/\/www.akras.at\/en\/?s={search_term_string}\"},\"query-input\":{\"@type\":\"PropertyValueSpecification\",\"valueRequired\":true,\"valueName\":\"search_term_string\"}}],\"inLanguage\":\"en-US\"}]}<\/script>\n<!-- \/ Yoast SEO plugin. -->","yoast_head_json":{"title":"Contact - AKRAS","description":"This is your way to good taste - please feel free to contact us. Or find our international partners and branches here. Get more information!","robots":{"index":"index","follow":"follow","max-snippet":"max-snippet:-1","max-image-preview":"max-image-preview:large","max-video-preview":"max-video-preview:-1"},"canonical":"https:\/\/www.akras.at\/en\/contact\/","og_locale":"en_US","og_type":"article","og_title":"Contact - AKRAS","og_description":"This is your way to good taste - please feel free to contact us. Or find our international partners and branches here. Get more information!","og_url":"https:\/\/www.akras.at\/en\/contact\/","og_site_name":"AKRAS","article_modified_time":"2021-03-09T12:12:33+00:00","og_image":[{"url":"https:\/\/www.akras.at\/wp-content\/uploads\/2020\/05\/social-linkedin.svg","type":"","width":"","height":""}],"twitter_card":"summary_large_image","twitter_misc":{"Est. reading time":"2 minutes"},"schema":{"@context":"https:\/\/schema.org","@graph":[{"@type":"WebPage","@id":"https:\/\/www.akras.at\/en\/contact\/","url":"https:\/\/www.akras.at\/en\/contact\/","name":"Contact - AKRAS","isPartOf":{"@id":"https:\/\/www.akras.at\/en\/#website"},"primaryImageOfPage":{"@id":"https:\/\/www.akras.at\/en\/contact\/#primaryimage"},"image":{"@id":"https:\/\/www.akras.at\/en\/contact\/#primaryimage"},"thumbnailUrl":"https:\/\/www.akras.at\/wp-content\/uploads\/2020\/05\/social-linkedin.svg","datePublished":"2020-03-24T14:51:44+00:00","dateModified":"2021-03-09T12:12:33+00:00","description":"This is your way to good taste - please feel free to contact us. Or find our international partners and branches here. Get more information!","breadcrumb":{"@id":"https:\/\/www.akras.at\/en\/contact\/#breadcrumb"},"inLanguage":"en-US","potentialAction":[{"@type":"ReadAction","target":["https:\/\/www.akras.at\/en\/contact\/"]}]},{"@type":"ImageObject","inLanguage":"en-US","@id":"https:\/\/www.akras.at\/en\/contact\/#primaryimage","url":"https:\/\/www.akras.at\/wp-content\/uploads\/2020\/05\/social-linkedin.svg","contentUrl":"https:\/\/www.akras.at\/wp-content\/uploads\/2020\/05\/social-linkedin.svg"},{"@type":"BreadcrumbList","@id":"https:\/\/www.akras.at\/en\/contact\/#breadcrumb","itemListElement":[{"@type":"ListItem","position":1,"name":"Startseite","item":"https:\/\/www.akras.at\/en\/"},{"@type":"ListItem","position":2,"name":"Contact"}]},{"@type":"WebSite","@id":"https:\/\/www.akras.at\/en\/#website","url":"https:\/\/www.akras.at\/en\/","name":"AKRAS","description":"","potentialAction":[{"@type":"SearchAction","target":{"@type":"EntryPoint","urlTemplate":"https:\/\/www.akras.at\/en\/?s={search_term_string}"},"query-input":{"@type":"PropertyValueSpecification","valueRequired":true,"valueName":"search_term_string"}}],"inLanguage":"en-US"}]}},"_links":{"self":[{"href":"https:\/\/www.akras.at\/en\/wp-json\/wp\/v2\/pages\/2686","targetHints":{"allow":["GET"]}}],"collection":[{"href":"https:\/\/www.akras.at\/en\/wp-json\/wp\/v2\/pages"}],"about":[{"href":"https:\/\/www.akras.at\/en\/wp-json\/wp\/v2\/types\/page"}],"author":[{"embeddable":true,"href":"https:\/\/www.akras.at\/en\/wp-json\/wp\/v2\/users\/5"}],"replies":[{"embeddable":true,"href":"https:\/\/www.akras.at\/en\/wp-json\/wp\/v2\/comments?post=2686"}],"version-history":[{"count":3,"href":"https:\/\/www.akras.at\/en\/wp-json\/wp\/v2\/pages\/2686\/revisions"}],"predecessor-version":[{"id":7905,"href":"https:\/\/www.akras.at\/en\/wp-json\/wp\/v2\/pages\/2686\/revisions\/7905"}],"wp:attachment":[{"href":"https:\/\/www.akras.at\/en\/wp-json\/wp\/v2\/media?parent=2686"}],"curies":[{"name":"wp","href":"https:\/\/api.w.org\/{rel}","templated":true}]}}