{"id":2457,"date":"2020-03-24T15:58:52","date_gmt":"2020-03-24T14:58:52","guid":{"rendered":"https:\/\/akrasat-staging.login-software.net\/impressum\/"},"modified":"2021-02-01T16:30:29","modified_gmt":"2021-02-01T15:30:29","slug":"%d0%b2%d1%8b%d1%85%d0%be%d0%b4%d0%bd%d1%8b%d0%b5-%d0%b4%d0%b0%d0%bd%d0%bd%d1%8b%d0%b5","status":"publish","type":"page","link":"https:\/\/www.akras.at\/ru\/%d0%b2%d1%8b%d1%85%d0%be%d0%b4%d0%bd%d1%8b%d0%b5-%d0%b4%d0%b0%d0%bd%d0%bd%d1%8b%d0%b5\/","title":{"rendered":"\u0412\u044b\u0445\u043e\u0434\u043d\u044b\u0435 \u0434\u0430\u043d\u043d\u044b\u0435"},"content":{"rendered":"[vc_row full_width=&#187;stretch_row_content_no_spaces&#187;][vc_column]<div class=\"slider-wrapper relative\" id=\"slider-541824923\" style=\"background-color:rgb(255,255,255);\">\n    <div class=\"slider slider-type-fade slider-nav-dots-simple slider-nav-simple slider-nav-normal slider-nav-light slider-style-normal\"\n        data-flickity-options='{\n            \"cellAlign\": \"center\",\n            \"imagesLoaded\": true,\n            \"lazyLoad\": 1,\n            \"freeScroll\": false,\n            \"wrapAround\": true,\n            \"autoPlay\": 2000,\n            \"pauseAutoPlayOnHover\" : false,\n            \"prevNextButtons\": true,\n            \"contain\" : true,\n            \"adaptiveHeight\" : true,\n            \"dragThreshold\" : 10,\n            \"percentPosition\": true,\n            \"pageDots\": false,\n            \"rightToLeft\": false,\n            \"draggable\": true,\n            \"selectedAttraction\": 0.1,\n            \"parallax\" : 0,\n            \"friction\": 0.6        }'\n        >\n        \n\n\n  <div class=\"banner has-hover\" id=\"banner-153183983\">\n          <div class=\"banner-inner fill\">\n        <div class=\"banner-bg fill\" >\n            <div class=\"bg fill bg-fill \"><\/div>\n                                    \n                    <\/div>\n        <div class=\"banner-layers container\">\n            <div class=\"fill banner-link\"><\/div>            \n\n   <div id=\"text-box-1804813299\" class=\"text-box banner-layer hidden x50 md-x50 lg-x50 y50 md-y50 lg-y50 res-text\">\n                                <div class=\"text-box-content text dark\">\n              \n              <div class=\"text-inner text-center\">\n                  \n\n<h3 class=\"uppercase\">Change this to anything<\/h3>\n<p>Lorem ipsum dolor sit amet, consectetuer adipiscing elit, sed diam nonummy nibh euismod tincidunt ut laoreet dolore magna aliquam erat volutpat.<\/p>\n<a class=\"button white is-outline\"  >\n    <span>Click me<\/span>\n  <\/a>\n\n\n\n              <\/div>\n           <\/div>\n                            \n<style>\n#text-box-1804813299 {\n  width: 60%;\n}\n#text-box-1804813299 .text-box-content {\n  font-size: 100%;\n}\n<\/style>\n    <\/div>\n \n\n        <\/div>\n      <\/div>\n\n            \n<style>\n#banner-153183983 {\n  padding-top: 50%;\n  background-color: rgb(255,255,255);\n}\n#banner-153183983 .bg.bg-loaded {\n  background-image: url(https:\/\/www.akras.at\/wp-content\/uploads\/2020\/05\/Clever-Concepts-H-1.jpg);\n}\n#banner-153183983 .bg {\n  background-position: 69% 70%;\n}\n@media (min-width:850px) {\n  #banner-153183983 {\n    padding-top: 500px;\n  }\n}\n<\/style>\n  <\/div>\n\n\n\n     <\/div>\n\n     <div class=\"loading-spin dark large centered\"><\/div>\n\n     <\/div>\n\n[\/vc_column][\/vc_row][vc_row el_class=&#187;section-title-divider&#187;][vc_column][vc_column_text el_class=&#187;text-center&#187;]\n<h2>\u0412\u044b\u0445\u043e\u0434\u043d\u044b\u0435 \u0434\u0430\u043d\u043d\u044b\u0435<\/h2>\n<div class=\"is-divider divider clearfix\" style=\"max-width:medium;\"><\/div>[\/vc_column_text][\/vc_column][\/vc_row][vc_row el_class=&#187;section-title-divider&#187;][vc_column][vc_column_text el_class=&#187;text-center&#187;]AKRAS Flavours GmbH<br \/>\nIZ N\u00d6-S\u00dcD Stra\u00dfe 1 Objekt 29<br \/>\n2362 Biedermannsdorf<br \/>\nAustria, Europe<br \/>\nT: +43 2236 625 50-0<br \/>\nF.: +43 2236 624 43<br \/>\noffice@akras.at<\/p>\n<p>Company register number: 62581g<br \/>\nCommercial register court: Regional court Wiener Neustadt<br \/>\nManaging director: Dr. Martin Krasny<br \/>\nVAT No.: ATU37748201<\/p>\n<p style=\"text-align: left;\">1. Content of online offer<\/p>\n<p style=\"text-align: left;\">AKRAS Flavours GmbH (hereinafter referred to as &#171;Author&#187;) accepts no liability for the up to date nature, accuracy, completeness or quality of the information provided. Claims against the Author which refer to material or intangible damages, which are caused through the use or disuse of the information presented or through the use of defective or incomplete information are strictly excluded, provided that there is no deliberate fault on the part of the Author. All offers are non-binding and subject to confirmation. The Author expressly reserves the right to change, add to or delete parts of the pages or the entire offer without separate warning, or to suspend publication from time to time or definitively.<\/p>\n<p style=\"text-align: left;\">2. References and links<\/p>\n<p style=\"text-align: left;\">For direct or indirect references to other internet sites (\u201elinks\u201c) which fall outside the Author\u2019s scope of liability, a liability obligation will take effect if the Author was aware of the content and it was technically reasonable and possible for him to prevent use in the event of unlawful content. To this end the Author expressly states that up to the time of including the link the correspondingly linked sites were free from unlawful content. The Author has no influence whatsoever on the current and future configuration or on the content of the linked \/ related sites. It therefore expressly renounces all content of all linked \/ related sites that were changed after the link was included. This statement applies to all links included within its internet offer and cross-references or external sources in guest books, discussion forums and mailing lists set up by the Author. For illegal, flawed or incomplete content and in particular for damages arising from the use or disuse of information provided in such a manner, the party supplying the site has sole liability, not the party who merely provides links to the respective publication for information purposes.<\/p>\n<p style=\"text-align: left;\">3. Copyright and trademark law<\/p>\n<p style=\"text-align: left;\">The Author endeavours to observe, in all publications, the copyright of the graphics, audio files, video clips and texts used, to use graphics, audio files, video clips and texts it has prepared itself, or to resort to licence-free graphics, audio files, video clips and texts. All trademarks and brand names named within the internet offer or if applicable protected through third parties are unconditionally subject to the conditions of the applicable trademark law and the proprietary interest of the respective registered owner. The conclusion that the trademark is not protected by third party law cannot be deduced from the mere mention of the name!<br \/>\nThe copyright for items published or produced by the Author itself is held exclusively by the site\u2019s author. Any duplication or use of such graphics, audio files, video clips or texts in other electronic or printed publications is not permitted without the Author\u2019s express consent.<\/p>\n<p style=\"text-align: left;\">4. Data protection<\/p>\n<p style=\"text-align: left;\">If the internet offer includes the possibility to supply personal or business details (e-mail address, name, address), the release of this information by the user takes place on an entirely voluntary basis. The claim and payment for all services offered is \u2013 as far as is technically possible and reasonable \u2013 also permitted without the indication of such information or by providing anonymous data or a pseudonym. The author is entitled to process all data for business purposes and to publish these data within the company.<\/p>\n<p style=\"text-align: left;\">5. Legal effect of this disclaimer<\/p>\n<p style=\"text-align: left;\">This disclaimer is to be considered as a part of the internet offer, by those making reference to this site. If parts or individual wording of this text do not, no longer or fully correspond with the existing legal position, the remainder of the document remains unaffected as to its content and effectiveness.<\/p>\n<p style=\"text-align: left;\">+++++++++++++++++++++++<\/p>\n<p style=\"text-align: left;\">Text and concept: AKRAS GmbH<br \/>\nGraphics: Eug\u00e9nie Hadinoto<br \/>\nPhotography and videos: MANFRED SODIA photography, Shutterstock, Freepik<br \/>\nWebsite implementation: FoxxBase GmbH<\/p>\n[\/vc_column_text][\/vc_column][\/vc_row][vc_row el_id=&#187;section-logos&#187;][vc_column]<style>\r\n.logo-show {display: flex;justify-content: space-between; align-items: center;<br \/>}<br \/>.logo-col img {max-height: 64px;<br \/>}<\/p>\r\n<\/style>\r\n<div class=\"logo-show\">\r\n<div class=\"logo-col\"><!-- 1 --><img loading=\"lazy\" decoding=\"async\" class=\"\" src=\"\/wp-content\/uploads\/2020\/03\/ISO_14001_farbe_single-150x150.jpg\" alt=\"\" width=\"75\" height=\"75\" \/><\/div>\r\n<div class=\"logo-col\"><!-- 2 --><img loading=\"lazy\" decoding=\"async\" class=\"\" src=\"\/wp-content\/uploads\/2020\/03\/ISO_22000_single.jpg\" alt=\"\" width=\"72\" height=\"72\" \/><\/div>\r\n<!-- 3\r\n<div class=\"logo-col\"><img decoding=\"async\" class=\"\" src=\"\/wp-content\/uploads\/2020\/03\/emas.jpg\" alt=\"\"\/><\/div>\r\n-->\r\n<div class=\"logo-col\"><!-- 4 --><img decoding=\"async\" class=\"\" style=\"max-width: 80px;\" src=\"\/wp-content\/uploads\/2020\/03\/IFS-Food.jpg\" alt=\"\" \/><\/div>\r\n<div class=\"logo-col\"><!-- 5 --><img loading=\"lazy\" decoding=\"async\" class=\"\" src=\"\/wp-content\/uploads\/2023\/05\/Bio_logo_audit_2023.jpg\" alt=\"\" width=\"79\" height=\"78\" \/><\/div>\r\n<div class=\"logo-col\"><!-- 6 --><img decoding=\"async\" class=\"\" style=\"max-width: 120px;\" src=\"\/wp-content\/uploads\/2020\/03\/FAMIQS.jpg\" alt=\"\" \/><\/div>\r\n<div class=\"logo-col\"><!-- 7 --><img decoding=\"async\" class=\"\" style=\"max-width: 100px;\" src=\"\/wp-content\/uploads\/2020\/03\/Halal.jpg\" alt=\"\" \/><\/div>\r\n<div class=\"logo-col\"><!-- 8 --><\/div>\r\n<div class=\"logo-col\"><!-- 8 --><img loading=\"lazy\" decoding=\"async\" class=\"\" src=\"\/wp-content\/uploads\/2020\/03\/Kosher_OK-gold-CMYK-600dpi.jpg\" alt=\"\" width=\"77\" height=\"77\" \/><\/div>\r\n<\/div>[\/vc_column][\/vc_row][vc_row full_width=&#187;stretch_row&#187; el_id=&#187;kontakt-section&#187;][vc_column]<div class=\"row\"  id=\"row-2002335341\">\n\n\n\t<div id=\"col-1923098017\" class=\"col footer-kontakt-header small-12 large-12\"  >\n\t\t<div class=\"col-inner text-center\"  >\n\t\t\t\n\t\t\t\n\n<h2>\u041a\u041e\u041d\u0422\u0410\u041a\u0422<\/h2>\n\n\t\t<\/div>\n\t\t\t<\/div>\n\n\t\n\n\t<div id=\"col-1902539536\" class=\"col kontakt-box medium-4 small-12 large-4\"  >\n\t\t<div class=\"col-inner\"  >\n\t\t\t\n\t\t\t\n\n\n\t\t<div class=\"icon-box featured-box icon-box-center text-center is-large\"  >\n\t\t\t\t\t<div class=\"icon-box-img\" style=\"width: 100px\">\n\t\t\t\t<div class=\"icon\">\n\t\t\t\t\t<div class=\"icon-inner\" >\n\t\t\t\t\t\t<img loading=\"lazy\" decoding=\"async\" width=\"150\" height=\"150\" src=\"https:\/\/www.akras.at\/wp-content\/uploads\/2020\/03\/icon-hands.svg\" class=\"attachment-medium size-medium\" alt=\"\" \/>\t\t\t\t\t<\/div>\n\t\t\t\t<\/div>\n\t\t\t<\/div>\n\t\t\t\t<div class=\"icon-box-text last-reset\">\n\t\t\t<h5 class=\"uppercase\">\u0421\u043b\u0443\u0436\u0431\u0430 \u043f\u043e\u0434\u0434\u0435\u0440\u0436\u043a\u0438<\/h5>\t\t\t<h6>\u0417\u0430\u043f\u0440\u043e\u0441\u044b \u043d\u0430 \u043f\u0440\u043e\u0434\u0443\u043a\u0446\u0438\u044e<\/h6>\t\t\t\n\n<a href=\"mailto:office@akras.at\" target=\"_self\" class=\"button primary is-link is-larger lowercase footer-kontakt-link\"  >\n  <i class=\"icon-angle-right\" ><\/i>  <span>\u0421\u0432\u044f\u0436\u0438\u0442\u0435\u0441\u044c \u0441 \u041d\u0430\u043c\u0438!<\/span>\n  <\/a>\n\n\n\n\t\t<\/div>\n\t<\/div>\n\t\n\t\n\n\t\t<\/div>\n\t\t\t<\/div>\n\n\t\n\n\t<div id=\"col-695691851\" class=\"col kontakt-box medium-4 small-12 large-4\"  >\n\t\t<div class=\"col-inner\"  >\n\t\t\t\n\t\t\t\n\n\n\t\t<div class=\"icon-box featured-box icon-box-center text-center is-large\"  >\n\t\t\t\t\t<div class=\"icon-box-img\" style=\"width: 100px\">\n\t\t\t\t<div class=\"icon\">\n\t\t\t\t\t<div class=\"icon-inner\" >\n\t\t\t\t\t\t<img loading=\"lazy\" decoding=\"async\" width=\"150\" height=\"150\" src=\"https:\/\/www.akras.at\/wp-content\/uploads\/2020\/03\/icon-help.svg\" class=\"attachment-medium size-medium\" alt=\"\" \/>\t\t\t\t\t<\/div>\n\t\t\t\t<\/div>\n\t\t\t<\/div>\n\t\t\t\t<div class=\"icon-box-text last-reset\">\n\t\t\t<h5 class=\"uppercase\">\u0413\u0440\u0443\u043f\u043f\u0430 \u043e\u0431\u0441\u043b\u0443\u0436\u0438\u0432\u0430\u043d\u0438\u044f<\/h5>\t\t\t<h6>\u0414\u0440\u0443\u0433\u0438\u0435 \u043f\u043e\u0436\u0435\u043b\u0430\u043d\u0438\u044f<\/h6>\t\t\t\n\n<a href=\"mailto:office@akras.at\" target=\"_self\" class=\"button primary is-link is-larger lowercase footer-kontakt-link\"  >\n  <i class=\"icon-angle-right\" ><\/i>  <span>\u0421\u0432\u044f\u0436\u0438\u0442\u0435\u0441\u044c \u0441 \u041d\u0430\u043c\u0438!<\/span>\n  <\/a>\n\n\n\n\t\t<\/div>\n\t<\/div>\n\t\n\t\n\n\t\t<\/div>\n\t\t\t<\/div>\n\n\t\n\n\t<div id=\"col-1391492284\" class=\"col kontakt-box medium-4 small-12 large-4\"  >\n\t\t<div class=\"col-inner\"  >\n\t\t\t\n\t\t\t\n\n\n\t\t<div class=\"icon-box featured-box icon-box-center text-center is-large\"  >\n\t\t\t\t\t<div class=\"icon-box-img\" style=\"width: 100px\">\n\t\t\t\t<div class=\"icon\">\n\t\t\t\t\t<div class=\"icon-inner\" >\n\t\t\t\t\t\t<img loading=\"lazy\" decoding=\"async\" width=\"150\" height=\"150\" src=\"https:\/\/www.akras.at\/wp-content\/uploads\/2020\/03\/icon-profile.svg\" class=\"attachment-medium size-medium\" alt=\"\" \/>\t\t\t\t\t<\/div>\n\t\t\t\t<\/div>\n\t\t\t<\/div>\n\t\t\t\t<div class=\"icon-box-text last-reset\">\n\t\t\t<h5 class=\"uppercase\">\u041f\u0440\u0435\u0441\u0441\u0430 \u0438 \u0421\u041c\u0418<\/h5>\t\t\t<h6>\u0417\u0430\u043f\u0440\u043e\u0441\u044b \u043f\u0440\u0435\u0441\u0441\u044b<\/h6>\t\t\t\n\n<a href=\"mailto:office@akras.at\" target=\"_self\" class=\"button primary is-link is-larger lowercase footer-kontakt-link\"  >\n  <i class=\"icon-angle-right\" ><\/i>  <span>\u0421\u0432\u044f\u0436\u0438\u0442\u0435\u0441\u044c \u0441 \u041d\u0430\u043c\u0438!<\/span>\n  <\/a>\n\n\n\n\t\t<\/div>\n\t<\/div>\n\t\n\t\n\n\t\t<\/div>\n\t\t\t<\/div>\n\n\t\n\n<\/div>[\/vc_column][\/vc_row]\n","protected":false},"excerpt":{"rendered":"[vc_row full_width=&#187;stretch_row_content_no_spaces&#187;][vc_column][\/vc_column][\/vc_row][vc_row el_class=&#187;section-title-divider&#187;][vc_column][vc_column_text el_class=&#187;text-center&#187;] \u0412\u044b\u0445\u043e\u0434\u043d\u044b\u0435 \u0434\u0430\u043d\u043d\u044b\u0435 [\/vc_column_text][\/vc_column][\/vc_row][vc_row el_class=&#187;section-title-divider&#187;][vc_column][vc_column_text el_class=&#187;text-center&#187;]AKRAS Flavours GmbH IZ N\u00d6-S\u00dcD Stra\u00dfe 1 Objekt 29 2362 Biedermannsdorf Austria, Europe T: +43 2236 625 50-0 F.: +43 2236 624 43 office@akras.at Company register number: 62581g Commercial register court: Regional court Wiener Neustadt Managing director: Dr. Martin Krasny VAT No.: ATU37748201 1. Content of online [&#8230;]\n","protected":false},"author":5,"featured_media":0,"parent":0,"menu_order":3,"comment_status":"closed","ping_status":"closed","template":"","meta":{"_monsterinsights_skip_tracking":false,"_monsterinsights_sitenote_active":false,"_monsterinsights_sitenote_note":"","_monsterinsights_sitenote_category":0,"footnotes":""},"class_list":["post-2457","page","type-page","status-publish","hentry"],"yoast_head":"<!-- This site is optimized with the Yoast SEO plugin v26.3 - https:\/\/yoast.com\/wordpress\/plugins\/seo\/ -->\n<title>\u0412\u044b\u0445\u043e\u0434\u043d\u044b\u0435 \u0434\u0430\u043d\u043d\u044b\u0435 - AKRAS<\/title>\n<meta name=\"robots\" content=\"index, follow, max-snippet:-1, max-image-preview:large, max-video-preview:-1\" \/>\n<link rel=\"canonical\" href=\"https:\/\/www.akras.at\/ru\/\u0432\u044b\u0445\u043e\u0434\u043d\u044b\u0435-\u0434\u0430\u043d\u043d\u044b\u0435\/\" \/>\n<meta property=\"og:locale\" content=\"ru_RU\" \/>\n<meta property=\"og:type\" content=\"article\" \/>\n<meta property=\"og:title\" content=\"\u0412\u044b\u0445\u043e\u0434\u043d\u044b\u0435 \u0434\u0430\u043d\u043d\u044b\u0435 - AKRAS\" \/>\n<meta property=\"og:description\" content=\"[vc_row full_width=&#187;stretch_row_content_no_spaces&#187;][vc_column][\/vc_column][\/vc_row][vc_row el_class=&#187;section-title-divider&#187;][vc_column][vc_column_text el_class=&#187;text-center&#187;] \u0412\u044b\u0445\u043e\u0434\u043d\u044b\u0435 \u0434\u0430\u043d\u043d\u044b\u0435 [\/vc_column_text][\/vc_column][\/vc_row][vc_row el_class=&#187;section-title-divider&#187;][vc_column][vc_column_text el_class=&#187;text-center&#187;]AKRAS Flavours GmbH IZ N\u00d6-S\u00dcD Stra\u00dfe 1 Objekt 29 2362 Biedermannsdorf Austria, Europe T: +43 2236 625 50-0 F.: +43 2236 624 43 office@akras.at Company register number: 62581g Commercial register court: Regional court Wiener Neustadt Managing director: Dr. Martin Krasny VAT No.: ATU37748201 1. Content of online [...]\" \/>\n<meta property=\"og:url\" content=\"https:\/\/www.akras.at\/ru\/\u0432\u044b\u0445\u043e\u0434\u043d\u044b\u0435-\u0434\u0430\u043d\u043d\u044b\u0435\/\" \/>\n<meta property=\"og:site_name\" content=\"AKRAS\" \/>\n<meta property=\"article:modified_time\" content=\"2021-02-01T15:30:29+00:00\" \/>\n<meta name=\"twitter:card\" content=\"summary_large_image\" \/>\n<meta name=\"twitter:label1\" content=\"\u041f\u0440\u0438\u043c\u0435\u0440\u043d\u043e\u0435 \u0432\u0440\u0435\u043c\u044f \u0434\u043b\u044f \u0447\u0442\u0435\u043d\u0438\u044f\" \/>\n\t<meta name=\"twitter:data1\" content=\"4 \u043c\u0438\u043d\u0443\u0442\u044b\" \/>\n<script type=\"application\/ld+json\" class=\"yoast-schema-graph\">{\"@context\":\"https:\/\/schema.org\",\"@graph\":[{\"@type\":\"WebPage\",\"@id\":\"https:\/\/www.akras.at\/ru\/%d0%b2%d1%8b%d1%85%d0%be%d0%b4%d0%bd%d1%8b%d0%b5-%d0%b4%d0%b0%d0%bd%d0%bd%d1%8b%d0%b5\/\",\"url\":\"https:\/\/www.akras.at\/ru\/%d0%b2%d1%8b%d1%85%d0%be%d0%b4%d0%bd%d1%8b%d0%b5-%d0%b4%d0%b0%d0%bd%d0%bd%d1%8b%d0%b5\/\",\"name\":\"\u0412\u044b\u0445\u043e\u0434\u043d\u044b\u0435 \u0434\u0430\u043d\u043d\u044b\u0435 - AKRAS\",\"isPartOf\":{\"@id\":\"https:\/\/www.akras.at\/en\/#website\"},\"datePublished\":\"2020-03-24T14:58:52+00:00\",\"dateModified\":\"2021-02-01T15:30:29+00:00\",\"breadcrumb\":{\"@id\":\"https:\/\/www.akras.at\/ru\/%d0%b2%d1%8b%d1%85%d0%be%d0%b4%d0%bd%d1%8b%d0%b5-%d0%b4%d0%b0%d0%bd%d0%bd%d1%8b%d0%b5\/#breadcrumb\"},\"inLanguage\":\"ru-RU\",\"potentialAction\":[{\"@type\":\"ReadAction\",\"target\":[\"https:\/\/www.akras.at\/ru\/%d0%b2%d1%8b%d1%85%d0%be%d0%b4%d0%bd%d1%8b%d0%b5-%d0%b4%d0%b0%d0%bd%d0%bd%d1%8b%d0%b5\/\"]}]},{\"@type\":\"BreadcrumbList\",\"@id\":\"https:\/\/www.akras.at\/ru\/%d0%b2%d1%8b%d1%85%d0%be%d0%b4%d0%bd%d1%8b%d0%b5-%d0%b4%d0%b0%d0%bd%d0%bd%d1%8b%d0%b5\/#breadcrumb\",\"itemListElement\":[{\"@type\":\"ListItem\",\"position\":1,\"name\":\"Startseite\",\"item\":\"https:\/\/www.akras.at\/ru\/\"},{\"@type\":\"ListItem\",\"position\":2,\"name\":\"\u0412\u044b\u0445\u043e\u0434\u043d\u044b\u0435 \u0434\u0430\u043d\u043d\u044b\u0435\"}]},{\"@type\":\"WebSite\",\"@id\":\"https:\/\/www.akras.at\/en\/#website\",\"url\":\"https:\/\/www.akras.at\/en\/\",\"name\":\"AKRAS\",\"description\":\"\",\"potentialAction\":[{\"@type\":\"SearchAction\",\"target\":{\"@type\":\"EntryPoint\",\"urlTemplate\":\"https:\/\/www.akras.at\/en\/?s={search_term_string}\"},\"query-input\":{\"@type\":\"PropertyValueSpecification\",\"valueRequired\":true,\"valueName\":\"search_term_string\"}}],\"inLanguage\":\"ru-RU\"}]}<\/script>\n<!-- \/ Yoast SEO plugin. -->","yoast_head_json":{"title":"\u0412\u044b\u0445\u043e\u0434\u043d\u044b\u0435 \u0434\u0430\u043d\u043d\u044b\u0435 - AKRAS","robots":{"index":"index","follow":"follow","max-snippet":"max-snippet:-1","max-image-preview":"max-image-preview:large","max-video-preview":"max-video-preview:-1"},"canonical":"https:\/\/www.akras.at\/ru\/\u0432\u044b\u0445\u043e\u0434\u043d\u044b\u0435-\u0434\u0430\u043d\u043d\u044b\u0435\/","og_locale":"ru_RU","og_type":"article","og_title":"\u0412\u044b\u0445\u043e\u0434\u043d\u044b\u0435 \u0434\u0430\u043d\u043d\u044b\u0435 - AKRAS","og_description":"[vc_row full_width=&#187;stretch_row_content_no_spaces&#187;][vc_column][\/vc_column][\/vc_row][vc_row el_class=&#187;section-title-divider&#187;][vc_column][vc_column_text el_class=&#187;text-center&#187;] \u0412\u044b\u0445\u043e\u0434\u043d\u044b\u0435 \u0434\u0430\u043d\u043d\u044b\u0435 [\/vc_column_text][\/vc_column][\/vc_row][vc_row el_class=&#187;section-title-divider&#187;][vc_column][vc_column_text el_class=&#187;text-center&#187;]AKRAS Flavours GmbH IZ N\u00d6-S\u00dcD Stra\u00dfe 1 Objekt 29 2362 Biedermannsdorf Austria, Europe T: +43 2236 625 50-0 F.: +43 2236 624 43 office@akras.at Company register number: 62581g Commercial register court: Regional court Wiener Neustadt Managing director: Dr. Martin Krasny VAT No.: ATU37748201 1. Content of online [...]","og_url":"https:\/\/www.akras.at\/ru\/\u0432\u044b\u0445\u043e\u0434\u043d\u044b\u0435-\u0434\u0430\u043d\u043d\u044b\u0435\/","og_site_name":"AKRAS","article_modified_time":"2021-02-01T15:30:29+00:00","twitter_card":"summary_large_image","twitter_misc":{"\u041f\u0440\u0438\u043c\u0435\u0440\u043d\u043e\u0435 \u0432\u0440\u0435\u043c\u044f \u0434\u043b\u044f \u0447\u0442\u0435\u043d\u0438\u044f":"4 \u043c\u0438\u043d\u0443\u0442\u044b"},"schema":{"@context":"https:\/\/schema.org","@graph":[{"@type":"WebPage","@id":"https:\/\/www.akras.at\/ru\/%d0%b2%d1%8b%d1%85%d0%be%d0%b4%d0%bd%d1%8b%d0%b5-%d0%b4%d0%b0%d0%bd%d0%bd%d1%8b%d0%b5\/","url":"https:\/\/www.akras.at\/ru\/%d0%b2%d1%8b%d1%85%d0%be%d0%b4%d0%bd%d1%8b%d0%b5-%d0%b4%d0%b0%d0%bd%d0%bd%d1%8b%d0%b5\/","name":"\u0412\u044b\u0445\u043e\u0434\u043d\u044b\u0435 \u0434\u0430\u043d\u043d\u044b\u0435 - AKRAS","isPartOf":{"@id":"https:\/\/www.akras.at\/en\/#website"},"datePublished":"2020-03-24T14:58:52+00:00","dateModified":"2021-02-01T15:30:29+00:00","breadcrumb":{"@id":"https:\/\/www.akras.at\/ru\/%d0%b2%d1%8b%d1%85%d0%be%d0%b4%d0%bd%d1%8b%d0%b5-%d0%b4%d0%b0%d0%bd%d0%bd%d1%8b%d0%b5\/#breadcrumb"},"inLanguage":"ru-RU","potentialAction":[{"@type":"ReadAction","target":["https:\/\/www.akras.at\/ru\/%d0%b2%d1%8b%d1%85%d0%be%d0%b4%d0%bd%d1%8b%d0%b5-%d0%b4%d0%b0%d0%bd%d0%bd%d1%8b%d0%b5\/"]}]},{"@type":"BreadcrumbList","@id":"https:\/\/www.akras.at\/ru\/%d0%b2%d1%8b%d1%85%d0%be%d0%b4%d0%bd%d1%8b%d0%b5-%d0%b4%d0%b0%d0%bd%d0%bd%d1%8b%d0%b5\/#breadcrumb","itemListElement":[{"@type":"ListItem","position":1,"name":"Startseite","item":"https:\/\/www.akras.at\/ru\/"},{"@type":"ListItem","position":2,"name":"\u0412\u044b\u0445\u043e\u0434\u043d\u044b\u0435 \u0434\u0430\u043d\u043d\u044b\u0435"}]},{"@type":"WebSite","@id":"https:\/\/www.akras.at\/en\/#website","url":"https:\/\/www.akras.at\/en\/","name":"AKRAS","description":"","potentialAction":[{"@type":"SearchAction","target":{"@type":"EntryPoint","urlTemplate":"https:\/\/www.akras.at\/en\/?s={search_term_string}"},"query-input":{"@type":"PropertyValueSpecification","valueRequired":true,"valueName":"search_term_string"}}],"inLanguage":"ru-RU"}]}},"_links":{"self":[{"href":"https:\/\/www.akras.at\/ru\/wp-json\/wp\/v2\/pages\/2457","targetHints":{"allow":["GET"]}}],"collection":[{"href":"https:\/\/www.akras.at\/ru\/wp-json\/wp\/v2\/pages"}],"about":[{"href":"https:\/\/www.akras.at\/ru\/wp-json\/wp\/v2\/types\/page"}],"author":[{"embeddable":true,"href":"https:\/\/www.akras.at\/ru\/wp-json\/wp\/v2\/users\/5"}],"replies":[{"embeddable":true,"href":"https:\/\/www.akras.at\/ru\/wp-json\/wp\/v2\/comments?post=2457"}],"version-history":[{"count":5,"href":"https:\/\/www.akras.at\/ru\/wp-json\/wp\/v2\/pages\/2457\/revisions"}],"predecessor-version":[{"id":7773,"href":"https:\/\/www.akras.at\/ru\/wp-json\/wp\/v2\/pages\/2457\/revisions\/7773"}],"wp:attachment":[{"href":"https:\/\/www.akras.at\/ru\/wp-json\/wp\/v2\/media?parent=2457"}],"curies":[{"name":"wp","href":"https:\/\/api.w.org\/{rel}","templated":true}]}}