{"id":2746,"date":"2020-03-24T15:51:44","date_gmt":"2020-03-24T14:51:44","guid":{"rendered":"https:\/\/akrasat-staging.login-software.net\/kontakt\/"},"modified":"2020-07-14T11:57:02","modified_gmt":"2020-07-14T09:57:02","slug":"%d0%ba%d0%be%d0%bd%d1%82%d0%b0%d0%ba%d1%82","status":"publish","type":"page","link":"https:\/\/www.akras.at\/ru\/%d0%ba%d0%be%d0%bd%d1%82%d0%b0%d0%ba%d1%82\/","title":{"rendered":"\u041a\u043e\u043d\u0442\u0430\u043a\u0442"},"content":{"rendered":"[vc_row full_width=&#187;stretch_row_content_no_spaces&#187;][vc_column]<div class=\"slider-wrapper relative\" id=\"slider-118111452\" style=\"background-color:rgb(255,255,255);\">\n    <div class=\"slider slider-type-fade slider-nav-dots-simple slider-nav-simple slider-nav-normal slider-nav-light slider-style-normal\"\n        data-flickity-options='{\n            \"cellAlign\": \"center\",\n            \"imagesLoaded\": true,\n            \"lazyLoad\": 1,\n            \"freeScroll\": false,\n            \"wrapAround\": true,\n            \"autoPlay\": 3000,\n            \"pauseAutoPlayOnHover\" : false,\n            \"prevNextButtons\": true,\n            \"contain\" : true,\n            \"adaptiveHeight\" : true,\n            \"dragThreshold\" : 10,\n            \"percentPosition\": true,\n            \"pageDots\": false,\n            \"rightToLeft\": false,\n            \"draggable\": true,\n            \"selectedAttraction\": 0.1,\n            \"parallax\" : 0,\n            \"friction\": 0.6        }'\n        >\n        \n\n\n  <div class=\"banner has-hover\" id=\"banner-1687117782\">\n          <div class=\"banner-inner fill\">\n        <div class=\"banner-bg fill\" >\n            <div class=\"bg fill bg-fill \"><\/div>\n                                    \n                    <\/div>\n        <div class=\"banner-layers container\">\n            <div class=\"fill banner-link\"><\/div>            \n\n   <div id=\"text-box-1435160383\" class=\"text-box banner-layer hidden x50 md-x50 lg-x50 y50 md-y50 lg-y50 res-text\">\n                                <div class=\"text-box-content text dark\">\n              \n              <div class=\"text-inner text-center\">\n                  \n\n<h3 class=\"uppercase\">Change this to anything<\/h3>\n<p>Lorem ipsum dolor sit amet, consectetuer adipiscing elit, sed diam nonummy nibh euismod tincidunt ut laoreet dolore magna aliquam erat volutpat.<\/p>\n<a class=\"button white is-outline\"  >\n    <span>Click me<\/span>\n  <\/a>\n\n\n\n              <\/div>\n           <\/div>\n                            \n<style>\n#text-box-1435160383 {\n  width: 60%;\n}\n#text-box-1435160383 .text-box-content {\n  font-size: 100%;\n}\n<\/style>\n    <\/div>\n \n\n        <\/div>\n      <\/div>\n\n            \n<style>\n#banner-1687117782 {\n  padding-top: 50%;\n  background-color: rgb(255,255,255);\n}\n#banner-1687117782 .bg.bg-loaded {\n  background-image: url(https:\/\/www.akras.at\/wp-content\/uploads\/2020\/04\/header-kontakt.jpg);\n}\n#banner-1687117782 .bg {\n  background-position: 50% 10%;\n}\n@media (min-width:850px) {\n  #banner-1687117782 {\n    padding-top: 500px;\n  }\n}\n<\/style>\n  <\/div>\n\n\n\n     <\/div>\n\n     <div class=\"loading-spin dark large centered\"><\/div>\n\n     <\/div>\n\n[\/vc_column][\/vc_row][vc_row el_class=&#187;section-title-divider&#187;][vc_column][vc_column_text el_class=&#187;text-center&#187;]\n<h2>\u0422\u0432\u043e\u0439 \u043f\u0443\u0442\u044c \u043a <span class=\"ci-green\">\u0445\u043e\u0440\u043e\u0448\u0435\u043c\u0443 \u0432\u043a\u0443\u0441\u0443<\/span><\/h2>\n<div class=\"is-divider divider clearfix\" style=\"max-width:medium;\"><\/div>[\/vc_column_text][\/vc_column][\/vc_row][vc_row el_class=&#187;main-contact-data&#187;][vc_column width=&#187;1\/3&#8243;][vc_column_text]<strong>AKRAS Flavours GmbH<\/strong><br \/>\n\u041f\u0440\u043e\u0438\u0437\u0432\u043e\u0434\u0441\u0442\u0432\u043e \u0438 \u0440\u0430\u0437\u0440\u0430\u0431\u043e\u0442\u043a\u0430 \u0430\u0440\u043e\u043c\u0430\u0442\u0438\u0437\u0430\u0442\u043e\u0440\u043e\u0432 \u0438 \u0441\u044b\u0440\u044c\u0435\u0432\u044b\u0445 \u043c\u0430\u0442\u0435\u0440\u0438\u0430\u043b\u043e\u0432<br \/>\n<div class=\"is-divider divider clearfix\" style=\"max-width:medium;\"><\/div>\n<p>Industriezentrum N\u00d6-S\u00fcd<br \/>\nStra\u00dfe 1, Objekt 29<br \/>\n2362 Biedermannsdorf<br \/>\nAustria<\/p>\n<p>T +43 2236 625 50 &#8212; 0<br \/>\nF +43 2236 624 43<br \/>\noffice@akras.at<br \/>\nwww.akras.at<br \/>\nwww.akras-flavours.com[\/vc_column_text][vc_column_text el_class=&#187;social-icons-row&#187;]<a class=\"social-icon-link\" href=\"https:\/\/at.linkedin.com\/company\/akras-flavours-gmbh\" target=\"_blank\" rel=\"noopener noreferrer\"><img loading=\"lazy\" decoding=\"async\" class=\"alignnone\" role=\"img\" src=\"https:\/\/www.akras.at\/wp-content\/uploads\/2020\/05\/social-linkedin.svg\" alt=\"\" width=\"29\" height=\"28\" \/><\/a><a class=\"social-icon-link\" href=\"https:\/\/www.facebook.com\/pages\/Akras-Flavours-GmbH\/262104623971487\" target=\"_blank\" rel=\"noopener noreferrer\"><img loading=\"lazy\" decoding=\"async\" class=\"alignnone\" role=\"img\" src=\"https:\/\/www.akras.at\/wp-content\/uploads\/2020\/05\/social-facebook.svg\" alt=\"\" width=\"15\" height=\"28\" \/><\/a><a class=\"social-icon-link\" href=\"https:\/\/www.xing.com\/companies\/akrasflavoursgmbh\" target=\"_blank\" rel=\"noopener noreferrer\"><img loading=\"lazy\" decoding=\"async\" class=\"alignnone\" role=\"img\" src=\"https:\/\/www.akras.at\/wp-content\/uploads\/2020\/05\/social-xing.svg\" alt=\"\" width=\"27\" height=\"32\" \/><\/a>[\/vc_column_text][\/vc_column][vc_column width=&#187;2\/3&#8243;][vc_gmaps link=&#187;#E-8_JTNDaWZyYW1lJTIwc3JjJTNEJTIyaHR0cHMlM0ElMkYlMkZ3d3cuZ29vZ2xlLmNvbSUyRm1hcHMlMkZlbWJlZCUzRnBiJTNEJTIxMW0xNCUyMTFtOCUyMTFtMyUyMTFkMTA2NjMuMzg4MTIwOTg2NTAzJTIxMmQxNi4zMzM2ODI1JTIxM2Q0OC4wNzQ1OTU1JTIxM20yJTIxMWkxMDI0JTIxMmk3NjglMjE0ZjEzLjElMjEzbTMlMjExbTIlMjExczB4MCUyNTNBMHg3MGU4NjEyOGE5ZTllODY5JTIxMnNBa3JhcyUyNTIwRmxhdm9ycyUyNTIwR2VzbWJIJTIxNWUwJTIxM20yJTIxMXNlbiUyMTJzJTIxNHYxNTg3MDQ3MTkwNzM2JTIxNW0yJTIxMXNlbiUyMTJzJTIyJTIwd2lkdGglM0QlMjI2MDAlMjIlMjBoZWlnaHQlM0QlMjI0MjglMjIlMjBmcmFtZWJvcmRlciUzRCUyMjAlMjIlMjBzdHlsZSUzRCUyMmJvcmRlciUzQTAlM0IlMjIlMjBhbGxvd2Z1bGxzY3JlZW4lM0QlMjIlMjIlMjBhcmlhLWhpZGRlbiUzRCUyMmZhbHNlJTIyJTIwdGFiaW5kZXglM0QlMjIwJTIyJTNFJTNDJTJGaWZyYW1lJTNF&#187;][\/vc_column][\/vc_row][vc_row el_class=&#187;section-title-divider&#187;][vc_column][vc_column_text el_class=&#187;text-center&#187;]\n<h2>\u041d\u0430\u0448\u0435 \u043c\u0435\u0436\u0434\u0443\u043d\u0430\u0440\u043e\u0434\u043d\u043e\u0435 \u043e\u0431\u0441\u043b\u0443\u0436\u0438\u0432\u0430\u043d\u0438\u0435 \u043a\u043b\u0438\u0435\u043d\u0442\u043e\u0432<\/h2>\n<div class=\"is-divider divider clearfix\" style=\"max-width:medium;\"><\/div>\n<p>\u0417\u0434\u0435\u0441\u044c \u0412\u044b \u043c\u043e\u0436\u0435\u0442\u0435 \u043d\u0430\u0439\u0442\u0438 \u043f\u0430\u0440\u0442\u043d\u0435\u0440\u043e\u0432 \u0438\u043b\u0438 \u0444\u0438\u043b\u0438\u0430\u043b\u044b AKRAS Flavours!<br \/>\n\u0412\u044b\u0431\u0435\u0440\u0438\u0442\u0435 \u043a\u043e\u043d\u0442\u0438\u043d\u0435\u043d\u0442 \u0438 \u0441\u0442\u0440\u0430\u043d\u0443 \u043f\u043e \u0432\u0430\u0448\u0435\u043c\u0443 \u0432\u044b\u0431\u043e\u0440\u0443, \u0447\u0442\u043e\u0431\u044b \u043d\u0430\u0439\u0442\u0438 \u0432\u0430\u0448\u0435\u0433\u043e \u043b\u0438\u0447\u043d\u043e\u0433\u043e \u043a\u043e\u043d\u0442\u0430\u043a\u0442\u0430:[\/vc_column_text][\/vc_column][\/vc_row][vc_row][vc_column width=&#187;1\/4&#8243; el_class=&#187;col-kontinent&#187;][vc_column_text]\n<h3>1.<br \/>\n\u041a\u041e\u041d\u0422\u0415\u041d\u0422<\/h3>\n[\/vc_column_text][\/vc_column][vc_column width=&#187;1\/4&#8243; el_class=&#187;col-land&#187;][vc_column_text]\n<h3>2.<br \/>\n\u0421\u0422\u0420\u0410\u041d\u042b \u0418 \u041f\u0410\u0420\u0422\u041d\u0401\u0420\u042b<\/h3>\n[\/vc_column_text][\/vc_column][vc_column width=&#187;1\/2&#8243; el_class=&#187;col-kontakt-data&#187;][vc_column_text]\n<h3>3.<br \/>\n\u041a\u041b\u042e\u0427\u0415\u0412\u042b\u0419 \u041f\u0415\u0420\u0421\u041e\u041d<\/h3>\n[\/vc_column_text][\/vc_column][vc_column el_class=&#187;menu-location-selection&#187;][vc_raw_html el_class=&#187;ubermenu-kontakt&#187;]JTVCdWJlcm1lbnUlMjBjb25maWdfaWQlM0QlMjJrb250YWt0X3BhZ2Vfb2ZmaWNlX21lbnUlMjIlMjBtZW51JTNEJTIyMTMlMjIlNUQ=[\/vc_raw_html][\/vc_column][\/vc_row][vc_row][vc_column offset=&#187;vc_col-lg-3&#8243;][\/vc_column][vc_column offset=&#187;vc_col-lg-9&#8243; el_class=&#187;submenu-col&#187;][vc_raw_html]JTNDc2NyaXB0JTNFJTBBJTJGJTJGQW1lcmljYSUwQWpRdWVyeSUyOCUyMCUyNyUyM21lbnUtaXRlbS0yMDI5JTI3JTIwJTI5Lm9uJTI4JTIwJTI3dWJlcm1lbnVvcGVuJTI3JTJDJTIwZnVuY3Rpb24lMjglMjklN0IlMEElMjAlMjBqUXVlcnklMjglMjcubWVudS12LXNwYWNlJTI3JTI5LmhlaWdodCUyODIwMCUyOSUzQiUwQSU3RCUyOSUzQiUwQSUyRiUyRkV1cm9wZSUwQWpRdWVyeSUyOCUyMCUyNyUyM21lbnUtaXRlbS0yMDQwJTI3JTIwJTI5Lm9uJTI4JTIwJTI3dWJlcm1lbnVvcGVuJTI3JTJDJTIwZnVuY3Rpb24lMjglMjklN0IlMEElMjAlMjBqUXVlcnklMjglMjcubWVudS12LXNwYWNlJTI3JTI5LmhlaWdodCUyODEyMDAlMjklM0IlMEElN0QlMjklM0IlMEElMkYlMkZBc2lhJTBBalF1ZXJ5JTI4JTIwJTI3JTIzbWVudS1pdGVtLTIwMzUlMjclMjAlMjkub24lMjglMjAlMjd1YmVybWVudW9wZW4lMjclMkMlMjBmdW5jdGlvbiUyOCUyOSU3QiUwQSUyMCUyMGpRdWVyeSUyOCUyNy5tZW51LXYtc3BhY2UlMjclMjkuaGVpZ2h0JTI4ODIwJTI5JTNCJTBBJTdEJTI5JTNCJTBBJTJGJTJGQWZyaWthJTBBalF1ZXJ5JTI4JTIwJTI3JTIzbWVudS1pdGVtLTM4MzIlMjclMjAlMjkub24lMjglMjAlMjd1YmVybWVudW9wZW4lMjclMkMlMjBmdW5jdGlvbiUyOCUyOSU3QiUwQSUyMCUyMGpRdWVyeSUyOCUyNy5tZW51LXYtc3BhY2UlMjclMjkuaGVpZ2h0JTI4NTAwJTI5JTNCJTBBJTdEJTI5JTNCJTBBJTBBJTNDJTJGc2NyaXB0JTNF[\/vc_raw_html][vc_empty_space height=&#187;20px&#187; el_class=&#187;menu-v-space&#187;][\/vc_column][\/vc_row]\n","protected":false},"excerpt":{"rendered":"[vc_row full_width=&#187;stretch_row_content_no_spaces&#187;][vc_column][\/vc_column][\/vc_row][vc_row el_class=&#187;section-title-divider&#187;][vc_column][vc_column_text el_class=&#187;text-center&#187;] \u0422\u0432\u043e\u0439 \u043f\u0443\u0442\u044c \u043a \u0445\u043e\u0440\u043e\u0448\u0435\u043c\u0443 \u0432\u043a\u0443\u0441\u0443 [\/vc_column_text][\/vc_column][\/vc_row][vc_row el_class=&#187;main-contact-data&#187;][vc_column width=&#187;1\/3&#8243;][vc_column_text]AKRAS Flavours GmbH \u041f\u0440\u043e\u0438\u0437\u0432\u043e\u0434\u0441\u0442\u0432\u043e \u0438 \u0440\u0430\u0437\u0440\u0430\u0431\u043e\u0442\u043a\u0430 \u0430\u0440\u043e\u043c\u0430\u0442\u0438\u0437\u0430\u0442\u043e\u0440\u043e\u0432 \u0438 \u0441\u044b\u0440\u044c\u0435\u0432\u044b\u0445 \u043c\u0430\u0442\u0435\u0440\u0438\u0430\u043b\u043e\u0432 Industriezentrum N\u00d6-S\u00fcd Stra\u00dfe 1, Objekt 29 2362 Biedermannsdorf Austria T +43 2236 625 50 &#8212; 0 F +43 2236 624 43 office@akras.at www.akras.at www.akras-flavours.com[\/vc_column_text][vc_column_text el_class=&#187;social-icons-row&#187;][\/vc_column_text][\/vc_column][vc_column width=&#187;2\/3&#8243;][vc_gmaps link=&#187;#E-8_JTNDaWZyYW1lJTIwc3JjJTNEJTIyaHR0cHMlM0ElMkYlMkZ3d3cuZ29vZ2xlLmNvbSUyRm1hcHMlMkZlbWJlZCUzRnBiJTNEJTIxMW0xNCUyMTFtOCUyMTFtMyUyMTFkMTA2NjMuMzg4MTIwOTg2NTAzJTIxMmQxNi4zMzM2ODI1JTIxM2Q0OC4wNzQ1OTU1JTIxM20yJTIxMWkxMDI0JTIxMmk3NjglMjE0ZjEzLjElMjEzbTMlMjExbTIlMjExczB4MCUyNTNBMHg3MGU4NjEyOGE5ZTllODY5JTIxMnNBa3JhcyUyNTIwRmxhdm9ycyUyNTIwR2VzbWJIJTIxNWUwJTIxM20yJTIxMXNlbiUyMTJzJTIxNHYxNTg3MDQ3MTkwNzM2JTIxNW0yJTIxMXNlbiUyMTJzJTIyJTIwd2lkdGglM0QlMjI2MDAlMjIlMjBoZWlnaHQlM0QlMjI0MjglMjIlMjBmcmFtZWJvcmRlciUzRCUyMjAlMjIlMjBzdHlsZSUzRCUyMmJvcmRlciUzQTAlM0IlMjIlMjBhbGxvd2Z1bGxzY3JlZW4lM0QlMjIlMjIlMjBhcmlhLWhpZGRlbiUzRCUyMmZhbHNlJTIyJTIwdGFiaW5kZXglM0QlMjIwJTIyJTNFJTNDJTJGaWZyYW1lJTNF&#187;][\/vc_column][\/vc_row][vc_row el_class=&#187;section-title-divider&#187;][vc_column][vc_column_text el_class=&#187;text-center&#187;] \u041d\u0430\u0448\u0435 \u043c\u0435\u0436\u0434\u0443\u043d\u0430\u0440\u043e\u0434\u043d\u043e\u0435 \u043e\u0431\u0441\u043b\u0443\u0436\u0438\u0432\u0430\u043d\u0438\u0435 \u043a\u043b\u0438\u0435\u043d\u0442\u043e\u0432 \u0417\u0434\u0435\u0441\u044c [&#8230;]\n","protected":false},"author":5,"featured_media":0,"parent":0,"menu_order":6,"comment_status":"closed","ping_status":"closed","template":"","meta":{"_monsterinsights_skip_tracking":false,"_monsterinsights_sitenote_active":false,"_monsterinsights_sitenote_note":"","_monsterinsights_sitenote_category":0,"footnotes":""},"class_list":["post-2746","page","type-page","status-publish","hentry"],"yoast_head":"<!-- This site is optimized with the Yoast SEO plugin v26.3 - https:\/\/yoast.com\/wordpress\/plugins\/seo\/ -->\n<title>\u041a\u043e\u043d\u0442\u0430\u043a\u0442 - AKRAS<\/title>\n<meta name=\"robots\" content=\"index, follow, max-snippet:-1, max-image-preview:large, max-video-preview:-1\" \/>\n<link rel=\"canonical\" href=\"https:\/\/www.akras.at\/ru\/\u043a\u043e\u043d\u0442\u0430\u043a\u0442\/\" \/>\n<meta property=\"og:locale\" content=\"ru_RU\" \/>\n<meta property=\"og:type\" content=\"article\" \/>\n<meta property=\"og:title\" content=\"\u041a\u043e\u043d\u0442\u0430\u043a\u0442 - AKRAS\" \/>\n<meta property=\"og:description\" content=\"[vc_row full_width=&#187;stretch_row_content_no_spaces&#187;][vc_column][\/vc_column][\/vc_row][vc_row el_class=&#187;section-title-divider&#187;][vc_column][vc_column_text el_class=&#187;text-center&#187;] \u0422\u0432\u043e\u0439 \u043f\u0443\u0442\u044c \u043a \u0445\u043e\u0440\u043e\u0448\u0435\u043c\u0443 \u0432\u043a\u0443\u0441\u0443 [\/vc_column_text][\/vc_column][\/vc_row][vc_row el_class=&#187;main-contact-data&#187;][vc_column width=&#187;1\/3&#8243;][vc_column_text]AKRAS Flavours GmbH \u041f\u0440\u043e\u0438\u0437\u0432\u043e\u0434\u0441\u0442\u0432\u043e \u0438 \u0440\u0430\u0437\u0440\u0430\u0431\u043e\u0442\u043a\u0430 \u0430\u0440\u043e\u043c\u0430\u0442\u0438\u0437\u0430\u0442\u043e\u0440\u043e\u0432 \u0438 \u0441\u044b\u0440\u044c\u0435\u0432\u044b\u0445 \u043c\u0430\u0442\u0435\u0440\u0438\u0430\u043b\u043e\u0432 Industriezentrum N\u00d6-S\u00fcd Stra\u00dfe 1, Objekt 29 2362 Biedermannsdorf Austria T +43 2236 625 50 &#8212; 0 F +43 2236 624 43 office@akras.at www.akras.at www.akras-flavours.com[\/vc_column_text][vc_column_text el_class=&#187;social-icons-row&#187;][\/vc_column_text][\/vc_column][vc_column width=&#187;2\/3&#8243;][vc_gmaps link=&#187;#E-8_JTNDaWZyYW1lJTIwc3JjJTNEJTIyaHR0cHMlM0ElMkYlMkZ3d3cuZ29vZ2xlLmNvbSUyRm1hcHMlMkZlbWJlZCUzRnBiJTNEJTIxMW0xNCUyMTFtOCUyMTFtMyUyMTFkMTA2NjMuMzg4MTIwOTg2NTAzJTIxMmQxNi4zMzM2ODI1JTIxM2Q0OC4wNzQ1OTU1JTIxM20yJTIxMWkxMDI0JTIxMmk3NjglMjE0ZjEzLjElMjEzbTMlMjExbTIlMjExczB4MCUyNTNBMHg3MGU4NjEyOGE5ZTllODY5JTIxMnNBa3JhcyUyNTIwRmxhdm9ycyUyNTIwR2VzbWJIJTIxNWUwJTIxM20yJTIxMXNlbiUyMTJzJTIxNHYxNTg3MDQ3MTkwNzM2JTIxNW0yJTIxMXNlbiUyMTJzJTIyJTIwd2lkdGglM0QlMjI2MDAlMjIlMjBoZWlnaHQlM0QlMjI0MjglMjIlMjBmcmFtZWJvcmRlciUzRCUyMjAlMjIlMjBzdHlsZSUzRCUyMmJvcmRlciUzQTAlM0IlMjIlMjBhbGxvd2Z1bGxzY3JlZW4lM0QlMjIlMjIlMjBhcmlhLWhpZGRlbiUzRCUyMmZhbHNlJTIyJTIwdGFiaW5kZXglM0QlMjIwJTIyJTNFJTNDJTJGaWZyYW1lJTNF&#187;][\/vc_column][\/vc_row][vc_row el_class=&#187;section-title-divider&#187;][vc_column][vc_column_text el_class=&#187;text-center&#187;] \u041d\u0430\u0448\u0435 \u043c\u0435\u0436\u0434\u0443\u043d\u0430\u0440\u043e\u0434\u043d\u043e\u0435 \u043e\u0431\u0441\u043b\u0443\u0436\u0438\u0432\u0430\u043d\u0438\u0435 \u043a\u043b\u0438\u0435\u043d\u0442\u043e\u0432 \u0417\u0434\u0435\u0441\u044c [...]\" \/>\n<meta property=\"og:url\" content=\"https:\/\/www.akras.at\/ru\/\u043a\u043e\u043d\u0442\u0430\u043a\u0442\/\" \/>\n<meta property=\"og:site_name\" content=\"AKRAS\" \/>\n<meta property=\"article:modified_time\" content=\"2020-07-14T09:57:02+00:00\" \/>\n<meta property=\"og:image\" content=\"https:\/\/www.akras.at\/wp-content\/uploads\/2020\/05\/social-linkedin.svg\" \/>\n<meta name=\"twitter:card\" content=\"summary_large_image\" \/>\n<meta name=\"twitter:label1\" content=\"\u041f\u0440\u0438\u043c\u0435\u0440\u043d\u043e\u0435 \u0432\u0440\u0435\u043c\u044f \u0434\u043b\u044f \u0447\u0442\u0435\u043d\u0438\u044f\" \/>\n\t<meta name=\"twitter:data1\" content=\"2 \u043c\u0438\u043d\u0443\u0442\u044b\" \/>\n<script type=\"application\/ld+json\" class=\"yoast-schema-graph\">{\"@context\":\"https:\/\/schema.org\",\"@graph\":[{\"@type\":\"WebPage\",\"@id\":\"https:\/\/www.akras.at\/ru\/%d0%ba%d0%be%d0%bd%d1%82%d0%b0%d0%ba%d1%82\/\",\"url\":\"https:\/\/www.akras.at\/ru\/%d0%ba%d0%be%d0%bd%d1%82%d0%b0%d0%ba%d1%82\/\",\"name\":\"\u041a\u043e\u043d\u0442\u0430\u043a\u0442 - AKRAS\",\"isPartOf\":{\"@id\":\"https:\/\/www.akras.at\/en\/#website\"},\"primaryImageOfPage\":{\"@id\":\"https:\/\/www.akras.at\/ru\/%d0%ba%d0%be%d0%bd%d1%82%d0%b0%d0%ba%d1%82\/#primaryimage\"},\"image\":{\"@id\":\"https:\/\/www.akras.at\/ru\/%d0%ba%d0%be%d0%bd%d1%82%d0%b0%d0%ba%d1%82\/#primaryimage\"},\"thumbnailUrl\":\"https:\/\/www.akras.at\/wp-content\/uploads\/2020\/05\/social-linkedin.svg\",\"datePublished\":\"2020-03-24T14:51:44+00:00\",\"dateModified\":\"2020-07-14T09:57:02+00:00\",\"breadcrumb\":{\"@id\":\"https:\/\/www.akras.at\/ru\/%d0%ba%d0%be%d0%bd%d1%82%d0%b0%d0%ba%d1%82\/#breadcrumb\"},\"inLanguage\":\"ru-RU\",\"potentialAction\":[{\"@type\":\"ReadAction\",\"target\":[\"https:\/\/www.akras.at\/ru\/%d0%ba%d0%be%d0%bd%d1%82%d0%b0%d0%ba%d1%82\/\"]}]},{\"@type\":\"ImageObject\",\"inLanguage\":\"ru-RU\",\"@id\":\"https:\/\/www.akras.at\/ru\/%d0%ba%d0%be%d0%bd%d1%82%d0%b0%d0%ba%d1%82\/#primaryimage\",\"url\":\"https:\/\/www.akras.at\/wp-content\/uploads\/2020\/05\/social-linkedin.svg\",\"contentUrl\":\"https:\/\/www.akras.at\/wp-content\/uploads\/2020\/05\/social-linkedin.svg\"},{\"@type\":\"BreadcrumbList\",\"@id\":\"https:\/\/www.akras.at\/ru\/%d0%ba%d0%be%d0%bd%d1%82%d0%b0%d0%ba%d1%82\/#breadcrumb\",\"itemListElement\":[{\"@type\":\"ListItem\",\"position\":1,\"name\":\"Startseite\",\"item\":\"https:\/\/www.akras.at\/ru\/\"},{\"@type\":\"ListItem\",\"position\":2,\"name\":\"\u041a\u043e\u043d\u0442\u0430\u043a\u0442\"}]},{\"@type\":\"WebSite\",\"@id\":\"https:\/\/www.akras.at\/en\/#website\",\"url\":\"https:\/\/www.akras.at\/en\/\",\"name\":\"AKRAS\",\"description\":\"\",\"potentialAction\":[{\"@type\":\"SearchAction\",\"target\":{\"@type\":\"EntryPoint\",\"urlTemplate\":\"https:\/\/www.akras.at\/en\/?s={search_term_string}\"},\"query-input\":{\"@type\":\"PropertyValueSpecification\",\"valueRequired\":true,\"valueName\":\"search_term_string\"}}],\"inLanguage\":\"ru-RU\"}]}<\/script>\n<!-- \/ Yoast SEO plugin. -->","yoast_head_json":{"title":"\u041a\u043e\u043d\u0442\u0430\u043a\u0442 - AKRAS","robots":{"index":"index","follow":"follow","max-snippet":"max-snippet:-1","max-image-preview":"max-image-preview:large","max-video-preview":"max-video-preview:-1"},"canonical":"https:\/\/www.akras.at\/ru\/\u043a\u043e\u043d\u0442\u0430\u043a\u0442\/","og_locale":"ru_RU","og_type":"article","og_title":"\u041a\u043e\u043d\u0442\u0430\u043a\u0442 - AKRAS","og_description":"[vc_row full_width=&#187;stretch_row_content_no_spaces&#187;][vc_column][\/vc_column][\/vc_row][vc_row el_class=&#187;section-title-divider&#187;][vc_column][vc_column_text el_class=&#187;text-center&#187;] \u0422\u0432\u043e\u0439 \u043f\u0443\u0442\u044c \u043a \u0445\u043e\u0440\u043e\u0448\u0435\u043c\u0443 \u0432\u043a\u0443\u0441\u0443 [\/vc_column_text][\/vc_column][\/vc_row][vc_row el_class=&#187;main-contact-data&#187;][vc_column width=&#187;1\/3&#8243;][vc_column_text]AKRAS Flavours GmbH \u041f\u0440\u043e\u0438\u0437\u0432\u043e\u0434\u0441\u0442\u0432\u043e \u0438 \u0440\u0430\u0437\u0440\u0430\u0431\u043e\u0442\u043a\u0430 \u0430\u0440\u043e\u043c\u0430\u0442\u0438\u0437\u0430\u0442\u043e\u0440\u043e\u0432 \u0438 \u0441\u044b\u0440\u044c\u0435\u0432\u044b\u0445 \u043c\u0430\u0442\u0435\u0440\u0438\u0430\u043b\u043e\u0432 Industriezentrum N\u00d6-S\u00fcd Stra\u00dfe 1, Objekt 29 2362 Biedermannsdorf Austria T +43 2236 625 50 &#8212; 0 F +43 2236 624 43 office@akras.at www.akras.at www.akras-flavours.com[\/vc_column_text][vc_column_text el_class=&#187;social-icons-row&#187;][\/vc_column_text][\/vc_column][vc_column width=&#187;2\/3&#8243;][vc_gmaps link=&#187;#E-8_JTNDaWZyYW1lJTIwc3JjJTNEJTIyaHR0cHMlM0ElMkYlMkZ3d3cuZ29vZ2xlLmNvbSUyRm1hcHMlMkZlbWJlZCUzRnBiJTNEJTIxMW0xNCUyMTFtOCUyMTFtMyUyMTFkMTA2NjMuMzg4MTIwOTg2NTAzJTIxMmQxNi4zMzM2ODI1JTIxM2Q0OC4wNzQ1OTU1JTIxM20yJTIxMWkxMDI0JTIxMmk3NjglMjE0ZjEzLjElMjEzbTMlMjExbTIlMjExczB4MCUyNTNBMHg3MGU4NjEyOGE5ZTllODY5JTIxMnNBa3JhcyUyNTIwRmxhdm9ycyUyNTIwR2VzbWJIJTIxNWUwJTIxM20yJTIxMXNlbiUyMTJzJTIxNHYxNTg3MDQ3MTkwNzM2JTIxNW0yJTIxMXNlbiUyMTJzJTIyJTIwd2lkdGglM0QlMjI2MDAlMjIlMjBoZWlnaHQlM0QlMjI0MjglMjIlMjBmcmFtZWJvcmRlciUzRCUyMjAlMjIlMjBzdHlsZSUzRCUyMmJvcmRlciUzQTAlM0IlMjIlMjBhbGxvd2Z1bGxzY3JlZW4lM0QlMjIlMjIlMjBhcmlhLWhpZGRlbiUzRCUyMmZhbHNlJTIyJTIwdGFiaW5kZXglM0QlMjIwJTIyJTNFJTNDJTJGaWZyYW1lJTNF&#187;][\/vc_column][\/vc_row][vc_row el_class=&#187;section-title-divider&#187;][vc_column][vc_column_text el_class=&#187;text-center&#187;] \u041d\u0430\u0448\u0435 \u043c\u0435\u0436\u0434\u0443\u043d\u0430\u0440\u043e\u0434\u043d\u043e\u0435 \u043e\u0431\u0441\u043b\u0443\u0436\u0438\u0432\u0430\u043d\u0438\u0435 \u043a\u043b\u0438\u0435\u043d\u0442\u043e\u0432 \u0417\u0434\u0435\u0441\u044c [...]","og_url":"https:\/\/www.akras.at\/ru\/\u043a\u043e\u043d\u0442\u0430\u043a\u0442\/","og_site_name":"AKRAS","article_modified_time":"2020-07-14T09:57:02+00:00","og_image":[{"url":"https:\/\/www.akras.at\/wp-content\/uploads\/2020\/05\/social-linkedin.svg","type":"","width":"","height":""}],"twitter_card":"summary_large_image","twitter_misc":{"\u041f\u0440\u0438\u043c\u0435\u0440\u043d\u043e\u0435 \u0432\u0440\u0435\u043c\u044f \u0434\u043b\u044f \u0447\u0442\u0435\u043d\u0438\u044f":"2 \u043c\u0438\u043d\u0443\u0442\u044b"},"schema":{"@context":"https:\/\/schema.org","@graph":[{"@type":"WebPage","@id":"https:\/\/www.akras.at\/ru\/%d0%ba%d0%be%d0%bd%d1%82%d0%b0%d0%ba%d1%82\/","url":"https:\/\/www.akras.at\/ru\/%d0%ba%d0%be%d0%bd%d1%82%d0%b0%d0%ba%d1%82\/","name":"\u041a\u043e\u043d\u0442\u0430\u043a\u0442 - AKRAS","isPartOf":{"@id":"https:\/\/www.akras.at\/en\/#website"},"primaryImageOfPage":{"@id":"https:\/\/www.akras.at\/ru\/%d0%ba%d0%be%d0%bd%d1%82%d0%b0%d0%ba%d1%82\/#primaryimage"},"image":{"@id":"https:\/\/www.akras.at\/ru\/%d0%ba%d0%be%d0%bd%d1%82%d0%b0%d0%ba%d1%82\/#primaryimage"},"thumbnailUrl":"https:\/\/www.akras.at\/wp-content\/uploads\/2020\/05\/social-linkedin.svg","datePublished":"2020-03-24T14:51:44+00:00","dateModified":"2020-07-14T09:57:02+00:00","breadcrumb":{"@id":"https:\/\/www.akras.at\/ru\/%d0%ba%d0%be%d0%bd%d1%82%d0%b0%d0%ba%d1%82\/#breadcrumb"},"inLanguage":"ru-RU","potentialAction":[{"@type":"ReadAction","target":["https:\/\/www.akras.at\/ru\/%d0%ba%d0%be%d0%bd%d1%82%d0%b0%d0%ba%d1%82\/"]}]},{"@type":"ImageObject","inLanguage":"ru-RU","@id":"https:\/\/www.akras.at\/ru\/%d0%ba%d0%be%d0%bd%d1%82%d0%b0%d0%ba%d1%82\/#primaryimage","url":"https:\/\/www.akras.at\/wp-content\/uploads\/2020\/05\/social-linkedin.svg","contentUrl":"https:\/\/www.akras.at\/wp-content\/uploads\/2020\/05\/social-linkedin.svg"},{"@type":"BreadcrumbList","@id":"https:\/\/www.akras.at\/ru\/%d0%ba%d0%be%d0%bd%d1%82%d0%b0%d0%ba%d1%82\/#breadcrumb","itemListElement":[{"@type":"ListItem","position":1,"name":"Startseite","item":"https:\/\/www.akras.at\/ru\/"},{"@type":"ListItem","position":2,"name":"\u041a\u043e\u043d\u0442\u0430\u043a\u0442"}]},{"@type":"WebSite","@id":"https:\/\/www.akras.at\/en\/#website","url":"https:\/\/www.akras.at\/en\/","name":"AKRAS","description":"","potentialAction":[{"@type":"SearchAction","target":{"@type":"EntryPoint","urlTemplate":"https:\/\/www.akras.at\/en\/?s={search_term_string}"},"query-input":{"@type":"PropertyValueSpecification","valueRequired":true,"valueName":"search_term_string"}}],"inLanguage":"ru-RU"}]}},"_links":{"self":[{"href":"https:\/\/www.akras.at\/ru\/wp-json\/wp\/v2\/pages\/2746","targetHints":{"allow":["GET"]}}],"collection":[{"href":"https:\/\/www.akras.at\/ru\/wp-json\/wp\/v2\/pages"}],"about":[{"href":"https:\/\/www.akras.at\/ru\/wp-json\/wp\/v2\/types\/page"}],"author":[{"embeddable":true,"href":"https:\/\/www.akras.at\/ru\/wp-json\/wp\/v2\/users\/5"}],"replies":[{"embeddable":true,"href":"https:\/\/www.akras.at\/ru\/wp-json\/wp\/v2\/comments?post=2746"}],"version-history":[{"count":1,"href":"https:\/\/www.akras.at\/ru\/wp-json\/wp\/v2\/pages\/2746\/revisions"}],"predecessor-version":[{"id":7089,"href":"https:\/\/www.akras.at\/ru\/wp-json\/wp\/v2\/pages\/2746\/revisions\/7089"}],"wp:attachment":[{"href":"https:\/\/www.akras.at\/ru\/wp-json\/wp\/v2\/media?parent=2746"}],"curies":[{"name":"wp","href":"https:\/\/api.w.org\/{rel}","templated":true}]}}